{"id":1225,"date":"2025-04-11T07:32:22","date_gmt":"2025-04-11T07:32:22","guid":{"rendered":"https:\/\/holiday-home-bliss.hr\/?page_id=1225"},"modified":"2025-05-14T13:12:02","modified_gmt":"2025-05-14T13:12:02","slug":"faq","status":"publish","type":"page","link":"https:\/\/holiday-home-bliss.hr\/index.php\/faq\/","title":{"rendered":"FAQ"},"content":{"rendered":"\t\t<div data-elementor-type=\"wp-page\" data-elementor-id=\"1225\" class=\"elementor elementor-1225\">\n\t\t\t\t<div class=\"elementor-element elementor-element-a69e836 e-flex e-con-boxed wpr-particle-no wpr-jarallax-no wpr-parallax-no wpr-sticky-section-no e-con e-parent\" data-id=\"a69e836\" data-element_type=\"container\" data-settings=\"{&quot;background_background&quot;:&quot;classic&quot;}\">\n\t\t\t\t\t<div class=\"e-con-inner\">\n\t\t<div class=\"elementor-element elementor-element-9e15684 e-flex e-con-boxed wpr-particle-no wpr-jarallax-no wpr-parallax-no wpr-sticky-section-no e-con e-child\" data-id=\"9e15684\" data-element_type=\"container\">\n\t\t\t\t\t<div class=\"e-con-inner\">\n\t\t\t\t<div class=\"elementor-element elementor-element-7605fa9 elementor-widget__width-initial elementor-widget elementor-widget-heading\" data-id=\"7605fa9\" data-element_type=\"widget\" data-widget_type=\"heading.default\">\n\t\t\t\t<div class=\"elementor-widget-container\">\n\t\t\t\t\t<h2 class=\"elementor-heading-title elementor-size-default\">FAQ<\/h2>\t\t\t\t<\/div>\n\t\t\t\t<\/div>\n\t\t\t\t\t<\/div>\n\t\t\t\t<\/div>\n\t\t\t\t\t<\/div>\n\t\t\t\t<\/div>\n\t\t<div class=\"elementor-element elementor-element-08f99cf e-flex e-con-boxed wpr-particle-no wpr-jarallax-no wpr-sticky-section-no e-con e-parent\" data-id=\"08f99cf\" data-element_type=\"container\" data-settings=\"{&quot;background_background&quot;:&quot;classic&quot;}\">\n\t\t\t\t\t<div class=\"e-con-inner\">\n\t\t\t\t<div class=\"elementor-element elementor-element-af274c1 elementor-widget elementor-widget-heading\" data-id=\"af274c1\" data-element_type=\"widget\" data-widget_type=\"heading.default\">\n\t\t\t\t<div class=\"elementor-widget-container\">\n\t\t\t\t\t<h2 class=\"elementor-heading-title elementor-size-default\">FAQ<\/h2>\t\t\t\t<\/div>\n\t\t\t\t<\/div>\n\t\t\t\t<div class=\"elementor-element elementor-element-494c837 elementor-widget elementor-widget-heading\" data-id=\"494c837\" data-element_type=\"widget\" data-widget_type=\"heading.default\">\n\t\t\t\t<div class=\"elementor-widget-container\">\n\t\t\t\t\t<h2 class=\"elementor-heading-title elementor-size-default\">\u010cesto postavljana pitanja<\/h2>\t\t\t\t<\/div>\n\t\t\t\t<\/div>\n\t\t<div class=\"elementor-element elementor-element-8bc6079 e-flex e-con-boxed wpr-particle-no wpr-jarallax-no wpr-parallax-no wpr-sticky-section-no e-con e-child\" data-id=\"8bc6079\" data-element_type=\"container\">\n\t\t\t\t\t<div class=\"e-con-inner\">\n\t\t\t\t<div class=\"elementor-element elementor-element-1c6e63b wpr-advanced-accordion-icon-no-box elementor-invisible elementor-widget elementor-widget-wpr-advanced-accordion\" data-id=\"1c6e63b\" data-element_type=\"widget\" data-settings=\"{&quot;_animation&quot;:&quot;zoomIn&quot;,&quot;active_item&quot;:1}\" data-widget_type=\"wpr-advanced-accordion.default\">\n\t\t\t\t<div class=\"elementor-widget-container\">\n\t\t\t\t\t\n            <div class=\"wpr-advanced-accordion\" data-accordion-type=\"accordion\" data-active-index=\"1\" data-accordion-trigger=\"click\" data-interaction-speed=\"0.4\">\n\n\t\t\t\n                \n\t\t\t\t\t<div class=\"wpr-accordion-item-wrap\">\n\t\t\t\t\t\t<button class=\"wpr-acc-button\">\n\t\t\t\t\t\t\t<span class=\"wpr-acc-item-title\">\n\t\t\t\t\t\t\t\t\t\t\t\t<span class=\"wpr-title-icon\">\n\t\t\t\t\t\t\t\t\t<\/span>\n\t\t\t\n\t\t\t\t\t\t\t\t<span class=\"wpr-acc-title-text\">Koliko gostiju mo\u017ee boraviti u objektu Holiday Home Bliss?<\/span>\n\t\t\t\t\t\t\t<\/span>\n\t\t\t\t\t\t\t\t\t\t\t<span class=\"wpr-toggle-icon wpr-ti-close\"><svg aria-hidden=\"true\" class=\"e-font-icon-svg e-fas-caret-down\" viewBox=\"0 0 320 512\" xmlns=\"http:\/\/www.w3.org\/2000\/svg\"><path d=\"M31.3 192h257.3c17.8 0 26.7 21.5 14.1 34.1L174.1 354.8c-7.8 7.8-20.5 7.8-28.3 0L17.2 226.1C4.6 213.5 13.5 192 31.3 192z\"><\/path><\/svg><\/span>\n\t\t\t\t<span class=\"wpr-toggle-icon wpr-ti-open\"><svg aria-hidden=\"true\" class=\"e-font-icon-svg e-fas-caret-up\" viewBox=\"0 0 320 512\" xmlns=\"http:\/\/www.w3.org\/2000\/svg\"><path d=\"M288.662 352H31.338c-17.818 0-26.741-21.543-14.142-34.142l128.662-128.662c7.81-7.81 20.474-7.81 28.284 0l128.662 128.662c12.6 12.599 3.676 34.142-14.142 34.142z\"><\/path><\/svg><\/span>\n\t\t\t\t\t\t\t\t\t<\/button>\n\n\t\t\t\t\t\t<div class=\"wpr-acc-panel\">\n\t\t\t\t\t\t\t\t\t\t\t\t\t\t\t<div class=\"wpr-acc-panel-content\"><p>Objekt Holiday Home Bliss nudi mogu\u0107nost boravka do maksimalno 4 osobe.<\/p><\/div>\n\t\t\t\t\t\t\t\t\t\t\t\t\t<\/div>\n                    <\/div>\n\n                \n\t\t\t\t\t<div class=\"wpr-accordion-item-wrap\">\n\t\t\t\t\t\t<button class=\"wpr-acc-button\">\n\t\t\t\t\t\t\t<span class=\"wpr-acc-item-title\">\n\t\t\t\t\t\t\t\t\t\t\t\t<span class=\"wpr-title-icon\">\n\t\t\t\t\t\t\t\t\t<\/span>\n\t\t\t\n\t\t\t\t\t\t\t\t<span class=\"wpr-acc-title-text\">Koje je vrijeme prijave i odjave u objektu Holiday Home Bliss?<\/span>\n\t\t\t\t\t\t\t<\/span>\n\t\t\t\t\t\t\t\t\t\t\t<span class=\"wpr-toggle-icon wpr-ti-close\"><svg aria-hidden=\"true\" class=\"e-font-icon-svg e-fas-caret-down\" viewBox=\"0 0 320 512\" xmlns=\"http:\/\/www.w3.org\/2000\/svg\"><path d=\"M31.3 192h257.3c17.8 0 26.7 21.5 14.1 34.1L174.1 354.8c-7.8 7.8-20.5 7.8-28.3 0L17.2 226.1C4.6 213.5 13.5 192 31.3 192z\"><\/path><\/svg><\/span>\n\t\t\t\t<span class=\"wpr-toggle-icon wpr-ti-open\"><svg aria-hidden=\"true\" class=\"e-font-icon-svg e-fas-caret-up\" viewBox=\"0 0 320 512\" xmlns=\"http:\/\/www.w3.org\/2000\/svg\"><path d=\"M288.662 352H31.338c-17.818 0-26.741-21.543-14.142-34.142l128.662-128.662c7.81-7.81 20.474-7.81 28.284 0l128.662 128.662c12.6 12.599 3.676 34.142-14.142 34.142z\"><\/path><\/svg><\/span>\n\t\t\t\t\t\t\t\t\t<\/button>\n\n\t\t\t\t\t\t<div class=\"wpr-acc-panel\">\n\t\t\t\t\t\t\t\t\t\t\t\t\t\t\t<div class=\"wpr-acc-panel-content\"><p>Vrijeme prijave u objektu Holiday Home Bliss je od 14:00, a vrijeme odjave do 10:00.<\/p><\/div>\n\t\t\t\t\t\t\t\t\t\t\t\t\t<\/div>\n                    <\/div>\n\n                \n\t\t\t\t\t<div class=\"wpr-accordion-item-wrap\">\n\t\t\t\t\t\t<button class=\"wpr-acc-button\">\n\t\t\t\t\t\t\t<span class=\"wpr-acc-item-title\">\n\t\t\t\t\t\t\t\t\t\t\t\t<span class=\"wpr-title-icon\">\n\t\t\t\t\t\t\t\t\t<\/span>\n\t\t\t\n\t\t\t\t\t\t\t\t<span class=\"wpr-acc-title-text\">Koliko spava\u0107ih soba ima objekt Holiday Home Bliss?<\/span>\n\t\t\t\t\t\t\t<\/span>\n\t\t\t\t\t\t\t\t\t\t\t<span class=\"wpr-toggle-icon wpr-ti-close\"><svg aria-hidden=\"true\" class=\"e-font-icon-svg e-fas-caret-down\" viewBox=\"0 0 320 512\" xmlns=\"http:\/\/www.w3.org\/2000\/svg\"><path d=\"M31.3 192h257.3c17.8 0 26.7 21.5 14.1 34.1L174.1 354.8c-7.8 7.8-20.5 7.8-28.3 0L17.2 226.1C4.6 213.5 13.5 192 31.3 192z\"><\/path><\/svg><\/span>\n\t\t\t\t<span class=\"wpr-toggle-icon wpr-ti-open\"><svg aria-hidden=\"true\" class=\"e-font-icon-svg e-fas-caret-up\" viewBox=\"0 0 320 512\" xmlns=\"http:\/\/www.w3.org\/2000\/svg\"><path d=\"M288.662 352H31.338c-17.818 0-26.741-21.543-14.142-34.142l128.662-128.662c7.81-7.81 20.474-7.81 28.284 0l128.662 128.662c12.6 12.599 3.676 34.142-14.142 34.142z\"><\/path><\/svg><\/span>\n\t\t\t\t\t\t\t\t\t<\/button>\n\n\t\t\t\t\t\t<div class=\"wpr-acc-panel\">\n\t\t\t\t\t\t\t\t\t\t\t\t\t\t\t<div class=\"wpr-acc-panel-content\"><p>Objekt Holiday Home Bliss nudi jednu spava\u0107u sobu i dodatni le\u017eaj za 2 osobe.<\/p><\/div>\n\t\t\t\t\t\t\t\t\t\t\t\t\t<\/div>\n                    <\/div>\n\n                \n\t\t\t\t\t<div class=\"wpr-accordion-item-wrap\">\n\t\t\t\t\t\t<button class=\"wpr-acc-button\">\n\t\t\t\t\t\t\t<span class=\"wpr-acc-item-title\">\n\t\t\t\t\t\t\t\t\t\t\t\t<span class=\"wpr-title-icon\">\n\t\t\t\t\t\t\t\t\t<\/span>\n\t\t\t\n\t\t\t\t\t\t\t\t<span class=\"wpr-acc-title-text\">Koliki je iznos boravka u objektu Holiday Home Bliss?<\/span>\n\t\t\t\t\t\t\t<\/span>\n\t\t\t\t\t\t\t\t\t\t\t<span class=\"wpr-toggle-icon wpr-ti-close\"><svg aria-hidden=\"true\" class=\"e-font-icon-svg e-fas-caret-down\" viewBox=\"0 0 320 512\" xmlns=\"http:\/\/www.w3.org\/2000\/svg\"><path d=\"M31.3 192h257.3c17.8 0 26.7 21.5 14.1 34.1L174.1 354.8c-7.8 7.8-20.5 7.8-28.3 0L17.2 226.1C4.6 213.5 13.5 192 31.3 192z\"><\/path><\/svg><\/span>\n\t\t\t\t<span class=\"wpr-toggle-icon wpr-ti-open\"><svg aria-hidden=\"true\" class=\"e-font-icon-svg e-fas-caret-up\" viewBox=\"0 0 320 512\" xmlns=\"http:\/\/www.w3.org\/2000\/svg\"><path d=\"M288.662 352H31.338c-17.818 0-26.741-21.543-14.142-34.142l128.662-128.662c7.81-7.81 20.474-7.81 28.284 0l128.662 128.662c12.6 12.599 3.676 34.142-14.142 34.142z\"><\/path><\/svg><\/span>\n\t\t\t\t\t\t\t\t\t<\/button>\n\n\t\t\t\t\t\t<div class=\"wpr-acc-panel\">\n\t\t\t\t\t\t\t\t\t\t\t\t\t\t\t<div class=\"wpr-acc-panel-content\"><p>Cijene u objektu Holiday Home Bliss razlikuju se ovisno o uvjetima va\u0161eg boravka (npr. odabranim datumima). <br \/>Unesite datume kako biste vidjeli cijene.<\/p><\/div>\n\t\t\t\t\t\t\t\t\t\t\t\t\t<\/div>\n                    <\/div>\n\n                \n\t\t\t\t\t<div class=\"wpr-accordion-item-wrap\">\n\t\t\t\t\t\t<button class=\"wpr-acc-button\">\n\t\t\t\t\t\t\t<span class=\"wpr-acc-item-title\">\n\t\t\t\t\t\t\t\t\t\t\t\t<span class=\"wpr-title-icon\">\n\t\t\t\t\t\t\t\t\t<\/span>\n\t\t\t\n\t\t\t\t\t\t\t\t<span class=\"wpr-acc-title-text\">Koliko je objekt Holiday Home Bliss udaljen od centra Splitske?<\/span>\n\t\t\t\t\t\t\t<\/span>\n\t\t\t\t\t\t\t\t\t\t\t<span class=\"wpr-toggle-icon wpr-ti-close\"><svg aria-hidden=\"true\" class=\"e-font-icon-svg e-fas-caret-down\" viewBox=\"0 0 320 512\" xmlns=\"http:\/\/www.w3.org\/2000\/svg\"><path d=\"M31.3 192h257.3c17.8 0 26.7 21.5 14.1 34.1L174.1 354.8c-7.8 7.8-20.5 7.8-28.3 0L17.2 226.1C4.6 213.5 13.5 192 31.3 192z\"><\/path><\/svg><\/span>\n\t\t\t\t<span class=\"wpr-toggle-icon wpr-ti-open\"><svg aria-hidden=\"true\" class=\"e-font-icon-svg e-fas-caret-up\" viewBox=\"0 0 320 512\" xmlns=\"http:\/\/www.w3.org\/2000\/svg\"><path d=\"M288.662 352H31.338c-17.818 0-26.741-21.543-14.142-34.142l128.662-128.662c7.81-7.81 20.474-7.81 28.284 0l128.662 128.662c12.6 12.599 3.676 34.142-14.142 34.142z\"><\/path><\/svg><\/span>\n\t\t\t\t\t\t\t\t\t<\/button>\n\n\t\t\t\t\t\t<div class=\"wpr-acc-panel\">\n\t\t\t\t\t\t\t\t\t\t\t\t\t\t\t<div class=\"wpr-acc-panel-content\"><p>Objekt Holiday Home Bliss nalazi se 500 m od centra Splitske.<\/p><\/div>\n\t\t\t\t\t\t\t\t\t\t\t\t\t<\/div>\n                    <\/div>\n\n                \n\t\t\t\t\t<div class=\"wpr-accordion-item-wrap\">\n\t\t\t\t\t\t<button class=\"wpr-acc-button\">\n\t\t\t\t\t\t\t<span class=\"wpr-acc-item-title\">\n\t\t\t\t\t\t\t\t\t\t\t\t<span class=\"wpr-title-icon\">\n\t\t\t\t\t\t\t\t\t<\/span>\n\t\t\t\n\t\t\t\t\t\t\t\t<span class=\"wpr-acc-title-text\">Koliko je objekt Holiday Home Bliss udaljen od pla\u017ee?<\/span>\n\t\t\t\t\t\t\t<\/span>\n\t\t\t\t\t\t\t\t\t\t\t<span class=\"wpr-toggle-icon wpr-ti-close\"><svg aria-hidden=\"true\" class=\"e-font-icon-svg e-fas-caret-down\" viewBox=\"0 0 320 512\" xmlns=\"http:\/\/www.w3.org\/2000\/svg\"><path d=\"M31.3 192h257.3c17.8 0 26.7 21.5 14.1 34.1L174.1 354.8c-7.8 7.8-20.5 7.8-28.3 0L17.2 226.1C4.6 213.5 13.5 192 31.3 192z\"><\/path><\/svg><\/span>\n\t\t\t\t<span class=\"wpr-toggle-icon wpr-ti-open\"><svg aria-hidden=\"true\" class=\"e-font-icon-svg e-fas-caret-up\" viewBox=\"0 0 320 512\" xmlns=\"http:\/\/www.w3.org\/2000\/svg\"><path d=\"M288.662 352H31.338c-17.818 0-26.741-21.543-14.142-34.142l128.662-128.662c7.81-7.81 20.474-7.81 28.284 0l128.662 128.662c12.6 12.599 3.676 34.142-14.142 34.142z\"><\/path><\/svg><\/span>\n\t\t\t\t\t\t\t\t\t<\/button>\n\n\t\t\t\t\t\t<div class=\"wpr-acc-panel\">\n\t\t\t\t\t\t\t\t\t\t\t\t\t\t\t<div class=\"wpr-acc-panel-content\"><p>Najbli\u017ea pla\u017ea nalazi se na samo 300 m od objekta Holiday Home Bliss.<\/p><\/div>\n\t\t\t\t\t\t\t\t\t\t\t\t\t<\/div>\n                    <\/div>\n\n                            <\/div>\n        \t\t\t\t<\/div>\n\t\t\t\t<\/div>\n\t\t\t\t\t<\/div>\n\t\t\t\t<\/div>\n\t\t\t\t\t<\/div>\n\t\t\t\t<\/div>\n\t\t<div class=\"elementor-element elementor-element-9539db5 e-con-full e-flex wpr-particle-no wpr-jarallax-no wpr-parallax-no wpr-sticky-section-no e-con e-parent\" data-id=\"9539db5\" data-element_type=\"container\">\n\t\t\t\t<div class=\"elementor-element elementor-element-2b52ef4 elementor-widget elementor-widget-google_maps\" data-id=\"2b52ef4\" data-element_type=\"widget\" data-widget_type=\"google_maps.default\">\n\t\t\t\t<div class=\"elementor-widget-container\">\n\t\t\t\t\t\t\t<div class=\"elementor-custom-embed\">\n\t\t\t<iframe loading=\"lazy\"\n\t\t\t\t\tsrc=\"https:\/\/maps.google.com\/maps?q=Zeleni%20grm%2043%2C%20Splitska%2021410&#038;t=m&#038;z=10&#038;output=embed&#038;iwloc=near\"\n\t\t\t\t\ttitle=\"Zeleni grm 43, Splitska 21410\"\n\t\t\t\t\taria-label=\"Zeleni grm 43, Splitska 21410\"\n\t\t\t><\/iframe>\n\t\t<\/div>\n\t\t\t\t\t\t<\/div>\n\t\t\t\t<\/div>\n\t\t\t\t<\/div>\n\t\t\t\t<\/div>\n\t\t","protected":false},"excerpt":{"rendered":"<p>FAQ FAQ \u010cesto postavljana pitanja Koliko gostiju mo\u017ee boraviti u objektu Holiday Home Bliss? Objekt Holiday Home Bliss nudi mogu\u0107nost boravka do maksimalno 4 osobe. Koje je vrijeme prijave i odjave u objektu Holiday Home Bliss? Vrijeme prijave u objektu Holiday Home Bliss je od 14:00, a vrijeme odjave do 10:00. Koliko spava\u0107ih soba ima objekt Holiday Home Bliss? Objekt Holiday Home Bliss nudi jednu spava\u0107u sobu i dodatni le\u017eaj za 2 osobe. Koliki je iznos boravka u objektu Holiday Home Bliss? Cijene u objektu Holiday Home Bliss razlikuju se ovisno o uvjetima va\u0161eg boravka (npr. odabranim datumima). Unesite datume kako biste vidjeli cijene. Koliko je objekt Holiday Home Bliss udaljen od centra Splitske? Objekt Holiday Home Bliss nalazi se 500 m od centra Splitske. Koliko je objekt Holiday Home Bliss udaljen od pla\u017ee? Najbli\u017ea pla\u017ea nalazi se na samo 300 m od objekta Holiday Home Bliss.<\/p>\n","protected":false},"author":3,"featured_media":0,"parent":0,"menu_order":0,"comment_status":"closed","ping_status":"closed","template":"elementor_canvas","meta":{"_monsterinsights_skip_tracking":false,"_monsterinsights_sitenote_active":false,"_monsterinsights_sitenote_note":"","_monsterinsights_sitenote_category":0,"footnotes":""},"class_list":["post-1225","page","type-page","status-publish","hentry"],"aioseo_notices":[],"yoast_head":"<!-- This site is optimized with the Yoast SEO plugin v25.1 - https:\/\/yoast.com\/wordpress\/plugins\/seo\/ -->\n<title>FAQ - Holiday Home Bliss<\/title>\n<meta name=\"robots\" content=\"index, follow, max-snippet:-1, max-image-preview:large, max-video-preview:-1\" \/>\n<link rel=\"canonical\" href=\"https:\/\/holiday-home-bliss.hr\/index.php\/faq\/\" \/>\n<meta property=\"og:locale\" content=\"en_US\" \/>\n<meta property=\"og:type\" content=\"article\" \/>\n<meta property=\"og:title\" content=\"FAQ - Holiday Home Bliss\" \/>\n<meta property=\"og:description\" content=\"FAQ FAQ \u010cesto postavljana pitanja Koliko gostiju mo\u017ee boraviti u objektu Holiday Home Bliss? Objekt Holiday Home Bliss nudi mogu\u0107nost boravka do maksimalno 4 osobe. Koje je vrijeme prijave i odjave u objektu Holiday Home Bliss? Vrijeme prijave u objektu Holiday Home Bliss je od 14:00, a vrijeme odjave do 10:00. Koliko spava\u0107ih soba ima objekt Holiday Home Bliss? Objekt Holiday Home Bliss nudi jednu spava\u0107u sobu i dodatni le\u017eaj za 2 osobe. Koliki je iznos boravka u objektu Holiday Home Bliss? Cijene u objektu Holiday Home Bliss razlikuju se ovisno o uvjetima va\u0161eg boravka (npr. odabranim datumima). Unesite datume kako biste vidjeli cijene. Koliko je objekt Holiday Home Bliss udaljen od centra Splitske? Objekt Holiday Home Bliss nalazi se 500 m od centra Splitske. Koliko je objekt Holiday Home Bliss udaljen od pla\u017ee? Najbli\u017ea pla\u017ea nalazi se na samo 300 m od objekta Holiday Home Bliss.\" \/>\n<meta property=\"og:url\" content=\"https:\/\/holiday-home-bliss.hr\/index.php\/faq\/\" \/>\n<meta property=\"og:site_name\" content=\"Holiday Home Bliss\" \/>\n<meta property=\"article:modified_time\" content=\"2025-05-14T13:12:02+00:00\" \/>\n<meta property=\"og:image\" content=\"https:\/\/holiday-home-bliss.hr\/wp-content\/uploads\/2025\/04\/cropped-HOLIDAY-HOME-BLISS-LOGO-1.png\" \/>\n\t<meta property=\"og:image:width\" content=\"512\" \/>\n\t<meta property=\"og:image:height\" content=\"512\" \/>\n\t<meta property=\"og:image:type\" content=\"image\/png\" \/>\n<meta name=\"twitter:card\" content=\"summary_large_image\" \/>\n<meta name=\"twitter:label1\" content=\"Est. reading time\" \/>\n\t<meta name=\"twitter:data1\" content=\"1 minute\" \/>\n<script type=\"application\/ld+json\" class=\"yoast-schema-graph\">{\"@context\":\"https:\/\/schema.org\",\"@graph\":[{\"@type\":\"WebPage\",\"@id\":\"https:\/\/holiday-home-bliss.hr\/index.php\/faq\/\",\"url\":\"https:\/\/holiday-home-bliss.hr\/index.php\/faq\/\",\"name\":\"FAQ - Holiday Home Bliss\",\"isPartOf\":{\"@id\":\"https:\/\/holiday-home-bliss.hr\/#website\"},\"datePublished\":\"2025-04-11T07:32:22+00:00\",\"dateModified\":\"2025-05-14T13:12:02+00:00\",\"breadcrumb\":{\"@id\":\"https:\/\/holiday-home-bliss.hr\/index.php\/faq\/#breadcrumb\"},\"inLanguage\":\"en-US\",\"potentialAction\":[{\"@type\":\"ReadAction\",\"target\":[\"https:\/\/holiday-home-bliss.hr\/index.php\/faq\/\"]}]},{\"@type\":\"BreadcrumbList\",\"@id\":\"https:\/\/holiday-home-bliss.hr\/index.php\/faq\/#breadcrumb\",\"itemListElement\":[{\"@type\":\"ListItem\",\"position\":1,\"name\":\"Home\",\"item\":\"https:\/\/holiday-home-bliss.hr\/\"},{\"@type\":\"ListItem\",\"position\":2,\"name\":\"FAQ\"}]},{\"@type\":\"WebSite\",\"@id\":\"https:\/\/holiday-home-bliss.hr\/#website\",\"url\":\"https:\/\/holiday-home-bliss.hr\/\",\"name\":\"Holiday Home Bliss\",\"description\":\"Holiday Home Bliss\",\"publisher\":{\"@id\":\"https:\/\/holiday-home-bliss.hr\/#organization\"},\"alternateName\":\"holiday home\",\"potentialAction\":[{\"@type\":\"SearchAction\",\"target\":{\"@type\":\"EntryPoint\",\"urlTemplate\":\"https:\/\/holiday-home-bliss.hr\/?s={search_term_string}\"},\"query-input\":{\"@type\":\"PropertyValueSpecification\",\"valueRequired\":true,\"valueName\":\"search_term_string\"}}],\"inLanguage\":\"en-US\"},{\"@type\":\"Organization\",\"@id\":\"https:\/\/holiday-home-bliss.hr\/#organization\",\"name\":\"Holiday Home Bliss\",\"alternateName\":\"Holiday Home\",\"url\":\"https:\/\/holiday-home-bliss.hr\/\",\"logo\":{\"@type\":\"ImageObject\",\"inLanguage\":\"en-US\",\"@id\":\"https:\/\/holiday-home-bliss.hr\/#\/schema\/logo\/image\/\",\"url\":\"https:\/\/holiday-home-bliss.hr\/wp-content\/uploads\/2025\/04\/cropped-HOLIDAY-HOME-BLISS-LOGO.png\",\"contentUrl\":\"https:\/\/holiday-home-bliss.hr\/wp-content\/uploads\/2025\/04\/cropped-HOLIDAY-HOME-BLISS-LOGO.png\",\"width\":500,\"height\":171,\"caption\":\"Holiday Home Bliss\"},\"image\":{\"@id\":\"https:\/\/holiday-home-bliss.hr\/#\/schema\/logo\/image\/\"},\"sameAs\":[\"https:\/\/www.instagram.com\/konoba_kod_tonca\/\"]}]}<\/script>\n<!-- \/ Yoast SEO plugin. -->","yoast_head_json":{"title":"FAQ - Holiday Home Bliss","robots":{"index":"index","follow":"follow","max-snippet":"max-snippet:-1","max-image-preview":"max-image-preview:large","max-video-preview":"max-video-preview:-1"},"canonical":"https:\/\/holiday-home-bliss.hr\/index.php\/faq\/","og_locale":"en_US","og_type":"article","og_title":"FAQ - Holiday Home Bliss","og_description":"FAQ FAQ \u010cesto postavljana pitanja Koliko gostiju mo\u017ee boraviti u objektu Holiday Home Bliss? Objekt Holiday Home Bliss nudi mogu\u0107nost boravka do maksimalno 4 osobe. Koje je vrijeme prijave i odjave u objektu Holiday Home Bliss? Vrijeme prijave u objektu Holiday Home Bliss je od 14:00, a vrijeme odjave do 10:00. Koliko spava\u0107ih soba ima objekt Holiday Home Bliss? Objekt Holiday Home Bliss nudi jednu spava\u0107u sobu i dodatni le\u017eaj za 2 osobe. Koliki je iznos boravka u objektu Holiday Home Bliss? Cijene u objektu Holiday Home Bliss razlikuju se ovisno o uvjetima va\u0161eg boravka (npr. odabranim datumima). Unesite datume kako biste vidjeli cijene. Koliko je objekt Holiday Home Bliss udaljen od centra Splitske? Objekt Holiday Home Bliss nalazi se 500 m od centra Splitske. Koliko je objekt Holiday Home Bliss udaljen od pla\u017ee? Najbli\u017ea pla\u017ea nalazi se na samo 300 m od objekta Holiday Home Bliss.","og_url":"https:\/\/holiday-home-bliss.hr\/index.php\/faq\/","og_site_name":"Holiday Home Bliss","article_modified_time":"2025-05-14T13:12:02+00:00","og_image":[{"width":512,"height":512,"url":"https:\/\/holiday-home-bliss.hr\/wp-content\/uploads\/2025\/04\/cropped-HOLIDAY-HOME-BLISS-LOGO-1.png","type":"image\/png"}],"twitter_card":"summary_large_image","twitter_misc":{"Est. reading time":"1 minute"},"schema":{"@context":"https:\/\/schema.org","@graph":[{"@type":"WebPage","@id":"https:\/\/holiday-home-bliss.hr\/index.php\/faq\/","url":"https:\/\/holiday-home-bliss.hr\/index.php\/faq\/","name":"FAQ - Holiday Home Bliss","isPartOf":{"@id":"https:\/\/holiday-home-bliss.hr\/#website"},"datePublished":"2025-04-11T07:32:22+00:00","dateModified":"2025-05-14T13:12:02+00:00","breadcrumb":{"@id":"https:\/\/holiday-home-bliss.hr\/index.php\/faq\/#breadcrumb"},"inLanguage":"en-US","potentialAction":[{"@type":"ReadAction","target":["https:\/\/holiday-home-bliss.hr\/index.php\/faq\/"]}]},{"@type":"BreadcrumbList","@id":"https:\/\/holiday-home-bliss.hr\/index.php\/faq\/#breadcrumb","itemListElement":[{"@type":"ListItem","position":1,"name":"Home","item":"https:\/\/holiday-home-bliss.hr\/"},{"@type":"ListItem","position":2,"name":"FAQ"}]},{"@type":"WebSite","@id":"https:\/\/holiday-home-bliss.hr\/#website","url":"https:\/\/holiday-home-bliss.hr\/","name":"Holiday Home Bliss","description":"Holiday Home Bliss","publisher":{"@id":"https:\/\/holiday-home-bliss.hr\/#organization"},"alternateName":"holiday home","potentialAction":[{"@type":"SearchAction","target":{"@type":"EntryPoint","urlTemplate":"https:\/\/holiday-home-bliss.hr\/?s={search_term_string}"},"query-input":{"@type":"PropertyValueSpecification","valueRequired":true,"valueName":"search_term_string"}}],"inLanguage":"en-US"},{"@type":"Organization","@id":"https:\/\/holiday-home-bliss.hr\/#organization","name":"Holiday Home Bliss","alternateName":"Holiday Home","url":"https:\/\/holiday-home-bliss.hr\/","logo":{"@type":"ImageObject","inLanguage":"en-US","@id":"https:\/\/holiday-home-bliss.hr\/#\/schema\/logo\/image\/","url":"https:\/\/holiday-home-bliss.hr\/wp-content\/uploads\/2025\/04\/cropped-HOLIDAY-HOME-BLISS-LOGO.png","contentUrl":"https:\/\/holiday-home-bliss.hr\/wp-content\/uploads\/2025\/04\/cropped-HOLIDAY-HOME-BLISS-LOGO.png","width":500,"height":171,"caption":"Holiday Home Bliss"},"image":{"@id":"https:\/\/holiday-home-bliss.hr\/#\/schema\/logo\/image\/"},"sameAs":["https:\/\/www.instagram.com\/konoba_kod_tonca\/"]}]}},"_links":{"self":[{"href":"https:\/\/holiday-home-bliss.hr\/index.php\/wp-json\/wp\/v2\/pages\/1225","targetHints":{"allow":["GET"]}}],"collection":[{"href":"https:\/\/holiday-home-bliss.hr\/index.php\/wp-json\/wp\/v2\/pages"}],"about":[{"href":"https:\/\/holiday-home-bliss.hr\/index.php\/wp-json\/wp\/v2\/types\/page"}],"author":[{"embeddable":true,"href":"https:\/\/holiday-home-bliss.hr\/index.php\/wp-json\/wp\/v2\/users\/3"}],"replies":[{"embeddable":true,"href":"https:\/\/holiday-home-bliss.hr\/index.php\/wp-json\/wp\/v2\/comments?post=1225"}],"version-history":[{"count":13,"href":"https:\/\/holiday-home-bliss.hr\/index.php\/wp-json\/wp\/v2\/pages\/1225\/revisions"}],"predecessor-version":[{"id":1569,"href":"https:\/\/holiday-home-bliss.hr\/index.php\/wp-json\/wp\/v2\/pages\/1225\/revisions\/1569"}],"wp:attachment":[{"href":"https:\/\/holiday-home-bliss.hr\/index.php\/wp-json\/wp\/v2\/media?parent=1225"}],"curies":[{"name":"wp","href":"https:\/\/api.w.org\/{rel}","templated":true}]}}